{"id":475,"date":"2025-12-18T20:51:09","date_gmt":"2025-12-18T20:51:09","guid":{"rendered":"https:\/\/singlesite.privacybee.io\/nutzungsbedingungen\/"},"modified":"2025-12-22T10:20:56","modified_gmt":"2025-12-22T10:20:56","slug":"nutzungsbedingungen","status":"publish","type":"page","link":"https:\/\/www.privacybee.io\/de-at\/nutzungsbedingungen\/","title":{"rendered":"Nutzungsbedingungen"},"content":{"rendered":"\t\t<div data-elementor-type=\"wp-page\" data-elementor-id=\"475\" class=\"elementor elementor-475 elementor-58\" data-elementor-post-type=\"page\">\n\t\t\t\t<main class=\"elementor-element elementor-element-266cfd19 e-con-full add-content-id e-flex e-con e-parent\" data-id=\"266cfd19\" data-element_type=\"container\" data-e-type=\"container\">\n\t\t<div class=\"elementor-element elementor-element-31ab900d e-flex e-con-boxed elementor-invisible e-con e-child\" data-id=\"31ab900d\" data-element_type=\"container\" data-e-type=\"container\" data-settings=\"{&quot;animation&quot;:&quot;fadeIn&quot;}\">\n\t\t\t\t\t<div class=\"e-con-inner\">\n\t\t<div class=\"elementor-element elementor-element-2acbbebe e-con-full e-flex e-con e-child\" data-id=\"2acbbebe\" data-element_type=\"container\" data-e-type=\"container\">\n\t\t\t\t<div class=\"elementor-element elementor-element-78185765 elementor-invisible elementor-widget elementor-widget-heading\" data-id=\"78185765\" data-element_type=\"widget\" data-e-type=\"widget\" data-settings=\"{&quot;_animation&quot;:&quot;fadeIn&quot;}\" data-widget_type=\"heading.default\">\n\t\t\t\t\t<h1 class=\"elementor-heading-title elementor-size-default\">Nutzungsbedingungen<\/h1>\t\t\t\t<\/div>\n\t\t\t\t<div class=\"elementor-element elementor-element-658eccb8 elementor-widget-mobile__width-inherit elementor-invisible elementor-widget elementor-widget-text-editor\" data-id=\"658eccb8\" data-element_type=\"widget\" data-e-type=\"widget\" data-settings=\"{&quot;_animation&quot;:&quot;fadeIn&quot;}\" data-widget_type=\"text-editor.default\">\n\t\t\t\t\t\t\t\t\t<p><strong>Zuletzt aktualisiert am: 19. Februar 2024<\/strong><\/p>\t\t\t\t\t\t\t\t<\/div>\n\t\t\t\t<div class=\"elementor-element elementor-element-14c7ff0c elementor-widget-mobile__width-inherit elementor-invisible elementor-widget elementor-widget-text-editor\" data-id=\"14c7ff0c\" data-element_type=\"widget\" data-e-type=\"widget\" data-settings=\"{&quot;_animation&quot;:&quot;fadeIn&quot;}\" data-widget_type=\"text-editor.default\">\n\t\t\t\t\t\t\t\t\t<p>Willkommen bei privcybee.io (\u201cWebsite\u201d), betrieben von der PrivacyBee AG (\u201cwir\u201d, \u201cuns\u201d oder \u201cunser\u201d). Diese Nutzungsbedingungen (\u201cBedingungen\u201d) regeln die Nutzung dieser Webseite. Durch die Nutzung der Website erkl\u00e4ren Sie sich mit diesen Bedingungen einverstanden.  <\/p>\t\t\t\t\t\t\t\t<\/div>\n\t\t\t\t<div class=\"elementor-element elementor-element-31061ae6 elementor-invisible elementor-widget elementor-widget-heading\" data-id=\"31061ae6\" data-element_type=\"widget\" data-e-type=\"widget\" data-settings=\"{&quot;_animation&quot;:&quot;fadeIn&quot;}\" data-widget_type=\"heading.default\">\n\t\t\t\t\t<h2 class=\"elementor-heading-title elementor-size-default\">1. Geistiges Eigentum<\/h2>\t\t\t\t<\/div>\n\t\t\t\t<div class=\"elementor-element elementor-element-5e870951 elementor-widget-mobile__width-inherit elementor-invisible elementor-widget elementor-widget-text-editor\" data-id=\"5e870951\" data-element_type=\"widget\" data-e-type=\"widget\" data-settings=\"{&quot;_animation&quot;:&quot;fadeIn&quot;}\" data-widget_type=\"text-editor.default\">\n\t\t\t\t\t\t\t\t\t<p>Wo immer Inhalte von dieser Internetseite wiedergegeben werden, ist stets auf PrivacyBee als Quelle zu verweisen. Die Inhalte d\u00fcrfen in keinem Fall ver\u00e4ndert werden. <\/p><p>Bilder und Videos von dieser Internetseite d\u00fcrfen nicht gespeichert, weiterverbreitet oder vervielfacht werden. Sie d\u00fcrfen aber die Inhalte dieser Internetseite vor\u00fcbergehend auf Ihrem Endger\u00e4t zur privaten Ansicht speichern oder herunterladen. <\/p>\t\t\t\t\t\t\t\t<\/div>\n\t\t\t\t<div class=\"elementor-element elementor-element-107ae049 elementor-invisible elementor-widget elementor-widget-heading\" data-id=\"107ae049\" data-element_type=\"widget\" data-e-type=\"widget\" data-settings=\"{&quot;_animation&quot;:&quot;fadeIn&quot;}\" data-widget_type=\"heading.default\">\n\t\t\t\t\t<h2 class=\"elementor-heading-title elementor-size-default\">2. Information<\/h2>\t\t\t\t<\/div>\n\t\t\t\t<div class=\"elementor-element elementor-element-6f642e56 elementor-widget-mobile__width-inherit elementor-invisible elementor-widget elementor-widget-text-editor\" data-id=\"6f642e56\" data-element_type=\"widget\" data-e-type=\"widget\" data-settings=\"{&quot;_animation&quot;:&quot;fadeIn&quot;}\" data-widget_type=\"text-editor.default\">\n\t\t\t\t\t\t\t\t\t<p>Die auf dieser Internetseite enthaltenen Informationen dienen ausschliesslich zu allgemeinen Informationszwecken. PrivacyBee AG bem\u00fcht sich, die Informationen auf dieser Internetseite auf dem aktuellen Stand zu halten, haftet jedoch nicht f\u00fcr Fehler oder Auslassungen. Wird \u00fcber diese Webseite ein Abonnement f\u00fcr die Datenschutzdienstleistungen von PrivacyBee abgeschlossen, sind ausschliesslich die allgemeinen Lizenzbedingungen (ALB) anwendbar und die darin enthaltenen Informationen massgeblich.  <\/p>\t\t\t\t\t\t\t\t<\/div>\n\t\t\t\t<div class=\"elementor-element elementor-element-7d136d43 elementor-invisible elementor-widget elementor-widget-heading\" data-id=\"7d136d43\" data-element_type=\"widget\" data-e-type=\"widget\" data-settings=\"{&quot;_animation&quot;:&quot;fadeIn&quot;}\" data-widget_type=\"heading.default\">\n\t\t\t\t\t<h2 class=\"elementor-heading-title elementor-size-default\">3. Links zu anderen Websites<\/h2>\t\t\t\t<\/div>\n\t\t\t\t<div class=\"elementor-element elementor-element-44bbb9d9 elementor-widget-mobile__width-inherit elementor-invisible elementor-widget elementor-widget-text-editor\" data-id=\"44bbb9d9\" data-element_type=\"widget\" data-e-type=\"widget\" data-settings=\"{&quot;_animation&quot;:&quot;fadeIn&quot;}\" data-widget_type=\"text-editor.default\">\n\t\t\t\t\t\t\t\t\t<p>Die Website kann Links zu Websites Dritter enthalten, auf die wir keinen Einfluss haben. Wir \u00fcbernehmen keine Verantwortung f\u00fcr Inhalte, Datenbearbeitungen oder sonstige Aspekte dieser Websites Dritter. <\/p>\t\t\t\t\t\t\t\t<\/div>\n\t\t\t\t<div class=\"elementor-element elementor-element-3b291cff elementor-invisible elementor-widget elementor-widget-heading\" data-id=\"3b291cff\" data-element_type=\"widget\" data-e-type=\"widget\" data-settings=\"{&quot;_animation&quot;:&quot;fadeIn&quot;}\" data-widget_type=\"heading.default\">\n\t\t\t\t\t<h2 class=\"elementor-heading-title elementor-size-default\">4. Datenschutz<\/h2>\t\t\t\t<\/div>\n\t\t\t\t<div class=\"elementor-element elementor-element-4ab92417 elementor-widget-mobile__width-inherit elementor-invisible elementor-widget elementor-widget-text-editor\" data-id=\"4ab92417\" data-element_type=\"widget\" data-e-type=\"widget\" data-settings=\"{&quot;_animation&quot;:&quot;fadeIn&quot;}\" data-widget_type=\"text-editor.default\">\n\t\t\t\t\t\t\t\t\t<p>Informationen zu unseren Datenbearbeitungen finden Sie in unserer Datenschutzerkl\u00e4rung, die integraler Bestandteil dieser Nutzungsbedingungen ist.<\/p>\t\t\t\t\t\t\t\t<\/div>\n\t\t\t\t<div class=\"elementor-element elementor-element-febc3a1 elementor-invisible elementor-widget elementor-widget-heading\" data-id=\"febc3a1\" data-element_type=\"widget\" data-e-type=\"widget\" data-settings=\"{&quot;_animation&quot;:&quot;fadeIn&quot;}\" data-widget_type=\"heading.default\">\n\t\t\t\t\t<h2 class=\"elementor-heading-title elementor-size-default\">5. Haftungsbeschr\u00e4nkung<\/h2>\t\t\t\t<\/div>\n\t\t\t\t<div class=\"elementor-element elementor-element-3a899789 elementor-widget-mobile__width-inherit elementor-invisible elementor-widget elementor-widget-text-editor\" data-id=\"3a899789\" data-element_type=\"widget\" data-e-type=\"widget\" data-settings=\"{&quot;_animation&quot;:&quot;fadeIn&quot;}\" data-widget_type=\"text-editor.default\">\n\t\t\t\t\t\t\t\t\t<p>In keinem Fall haften wir Ihnen oder Dritten gegen\u00fcber f\u00fcr Sch\u00e4den, die sich aus Ihrer Nutzung der Website ergeben.<\/p>\t\t\t\t\t\t\t\t<\/div>\n\t\t\t\t<div class=\"elementor-element elementor-element-3cc88fe8 elementor-invisible elementor-widget elementor-widget-heading\" data-id=\"3cc88fe8\" data-element_type=\"widget\" data-e-type=\"widget\" data-settings=\"{&quot;_animation&quot;:&quot;fadeIn&quot;}\" data-widget_type=\"heading.default\">\n\t\t\t\t\t<h2 class=\"elementor-heading-title elementor-size-default\">6. \u00c4nderungen und Beendigung<\/h2>\t\t\t\t<\/div>\n\t\t\t\t<div class=\"elementor-element elementor-element-106e1bd9 elementor-widget-mobile__width-inherit elementor-invisible elementor-widget elementor-widget-text-editor\" data-id=\"106e1bd9\" data-element_type=\"widget\" data-e-type=\"widget\" data-settings=\"{&quot;_animation&quot;:&quot;fadeIn&quot;}\" data-widget_type=\"text-editor.default\">\n\t\t\t\t\t\t\t\t\t<p>Wir behalten uns das Recht vor, jederzeit und aus beliebigem Grund \u00c4nderungen an der Website vorzunehmen oder den Zugriff auf die Website zu beenden oder auszusetzen, ohne Sie vorher zu benachrichtigen.<\/p>\t\t\t\t\t\t\t\t<\/div>\n\t\t\t\t<div class=\"elementor-element elementor-element-149b046 elementor-invisible elementor-widget elementor-widget-heading\" data-id=\"149b046\" data-element_type=\"widget\" data-e-type=\"widget\" data-settings=\"{&quot;_animation&quot;:&quot;fadeIn&quot;}\" data-widget_type=\"heading.default\">\n\t\t\t\t\t<h2 class=\"elementor-heading-title elementor-size-default\">7. Anwendbares Recht<\/h2>\t\t\t\t<\/div>\n\t\t\t\t<div class=\"elementor-element elementor-element-3cbce7be elementor-widget-mobile__width-inherit elementor-invisible elementor-widget elementor-widget-text-editor\" data-id=\"3cbce7be\" data-element_type=\"widget\" data-e-type=\"widget\" data-settings=\"{&quot;_animation&quot;:&quot;fadeIn&quot;}\" data-widget_type=\"text-editor.default\">\n\t\t\t\t\t\t\t\t\t<p>Diese Nutzungsbedingungen und Ihre Nutzung der Website unterliegen dem Recht der Schweiz, es sei denn, die Anwendung des schweizerischen Rechts ist ausgeschlossen. Alle Streitigkeiten im Zusammenhang mit diesen Bedingungen unterliegen der ausschlie\u00dflichen Zust\u00e4ndigkeit der Gerichte der Schweiz. <\/p>\t\t\t\t\t\t\t\t<\/div>\n\t\t\t\t<div class=\"elementor-element elementor-element-2eba43f6 elementor-invisible elementor-widget elementor-widget-heading\" data-id=\"2eba43f6\" data-element_type=\"widget\" data-e-type=\"widget\" data-settings=\"{&quot;_animation&quot;:&quot;fadeIn&quot;}\" data-widget_type=\"heading.default\">\n\t\t\t\t\t<h2 class=\"elementor-heading-title elementor-size-default\">8. Kontakt<\/h2>\t\t\t\t<\/div>\n\t\t\t\t<div class=\"elementor-element elementor-element-7993d670 elementor-widget-mobile__width-inherit elementor-invisible elementor-widget elementor-widget-text-editor\" data-id=\"7993d670\" data-element_type=\"widget\" data-e-type=\"widget\" data-settings=\"{&quot;_animation&quot;:&quot;fadeIn&quot;}\" data-widget_type=\"text-editor.default\">\n\t\t\t\t\t\t\t\t\t<p>Bei Fragen oder Bedenken zu diesen Nutzungsbedingungen kontaktieren Sie uns bitte unter support@privacybee.ch.<\/p>\t\t\t\t\t\t\t\t<\/div>\n\t\t\t\t<\/div>\n\t\t\t\t\t<\/div>\n\t\t\t\t<\/div>\n\t\t<div class=\"elementor-element elementor-element-65020b26 e-con-full e-flex e-con e-child\" data-id=\"65020b26\" data-element_type=\"container\" data-e-type=\"container\">\n\t\t\t\t<div class=\"elementor-element elementor-element-2bd1ee36 elementor-widget elementor-widget-template\" data-id=\"2bd1ee36\" data-element_type=\"widget\" data-e-type=\"widget\" data-widget_type=\"template.default\">\n\t\t\t\t<div class=\"elementor-widget-container\">\n\t\t\t\t\t\t\t<div class=\"elementor-template\">\n\t\t\t\t\t<div data-elementor-type=\"container\" data-elementor-id=\"552\" class=\"elementor elementor-552 elementor-21 elementor-21\" data-elementor-post-type=\"elementor_library\">\n\t\t\t\t<div class=\"elementor-element elementor-element-2b8443e5 e-flex e-con-boxed elementor-invisible e-con e-child\" data-id=\"2b8443e5\" data-element_type=\"container\" data-e-type=\"container\" data-settings=\"{&quot;background_background&quot;:&quot;classic&quot;,&quot;animation&quot;:&quot;fadeIn&quot;}\">\n\t\t\t\t\t<div class=\"e-con-inner\">\n\t\t<div class=\"elementor-element elementor-element-355ebb41 e-con-full e-flex e-con e-child\" data-id=\"355ebb41\" data-element_type=\"container\" data-e-type=\"container\">\n\t\t\t\t<div class=\"elementor-element elementor-element-71656e21 elementor-widget__width-initial elementor-widget-mobile__width-inherit elementor-invisible elementor-widget elementor-widget-heading\" data-id=\"71656e21\" data-element_type=\"widget\" data-e-type=\"widget\" data-settings=\"{&quot;_animation&quot;:&quot;fadeIn&quot;}\" data-widget_type=\"heading.default\">\n\t\t\t\t\t<h2 class=\"elementor-heading-title elementor-size-default\">Sch\u00fctze deine Website noch heute!<\/h2>\t\t\t\t<\/div>\n\t\t\t\t<div class=\"elementor-element elementor-element-74a0b4aa elementor-widget__width-initial elementor-widget-mobile__width-inherit elementor-invisible elementor-widget elementor-widget-text-editor\" data-id=\"74a0b4aa\" data-element_type=\"widget\" data-e-type=\"widget\" data-settings=\"{&quot;_animation&quot;:&quot;fadeIn&quot;}\" data-widget_type=\"text-editor.default\">\n\t\t\t\t\t\t\t\t\t<p>Starte jetzt und erlebe, wie einfach Datenschutz sein kann. Nutze unseren einfachen und individuellen Website-Scan und mache deine Webseite auch fortlaufend abmahnsicher. <\/p>\t\t\t\t\t\t\t\t<\/div>\n\t\t\t\t<div class=\"elementor-element elementor-element-6d61a177 elementor-widget__width-initial elementor-invisible elementor-widget elementor-widget-button\" data-id=\"6d61a177\" data-element_type=\"widget\" data-e-type=\"widget\" data-settings=\"{&quot;_animation&quot;:&quot;fadeIn&quot;}\" data-widget_type=\"button.default\">\n\t\t\t\t\t\t\t\t\t\t<a class=\"elementor-button elementor-button-link elementor-size-sm\" href=\"https:\/\/app.privacybee.io\/at\/signup\/v2?language=de\">\n\t\t\t\t\t\t<span class=\"elementor-button-content-wrapper\">\n\t\t\t\t\t\t\t\t\t<span class=\"elementor-button-text\">Jetzt starten<\/span>\n\t\t\t\t\t<\/span>\n\t\t\t\t\t<\/a>\n\t\t\t\t\t\t\t\t<\/div>\n\t\t\t\t<\/div>\n\t\t<div class=\"elementor-element elementor-element-60c4c184 e-con-full e-flex e-con e-child\" data-id=\"60c4c184\" data-element_type=\"container\" data-e-type=\"container\">\n\t\t\t\t<div class=\"elementor-element elementor-element-4adaa6b6 elementor-invisible elementor-widget elementor-widget-image\" data-id=\"4adaa6b6\" data-element_type=\"widget\" data-e-type=\"widget\" data-settings=\"{&quot;_animation&quot;:&quot;fadeIn&quot;}\" data-widget_type=\"image.default\">\n\t\t\t\t\t\t\t\t\t\t\t\t\t\t\t<img fetchpriority=\"high\" decoding=\"async\" width=\"1518\" height=\"1227\" src=\"https:\/\/www.privacybee.io\/wp-content\/uploads\/2026\/03\/pb_hero_26-1.png\" class=\"attachment-full size-full wp-image-2841\" alt=\"\" srcset=\"https:\/\/www.privacybee.io\/wp-content\/uploads\/2026\/03\/pb_hero_26-1.png 1518w, https:\/\/www.privacybee.io\/wp-content\/uploads\/2026\/03\/pb_hero_26-1-300x242.png 300w, https:\/\/www.privacybee.io\/wp-content\/uploads\/2026\/03\/pb_hero_26-1-1024x828.png 1024w, https:\/\/www.privacybee.io\/wp-content\/uploads\/2026\/03\/pb_hero_26-1-768x621.png 768w\" sizes=\"(max-width: 1518px) 100vw, 1518px\" \/>\t\t\t\t\t\t\t\t\t\t\t\t\t\t\t<\/div>\n\t\t\t\t<\/div>\n\t\t\t\t\t<\/div>\n\t\t\t\t<\/div>\n\t\t\t\t<\/div>\n\t\t\t\t<\/div>\n\t\t\t\t\t\t<\/div>\n\t\t\t\t<\/div>\n\t\t\t\t<\/div>\n\t\t\t\t<\/main>\n\t\t\t\t<\/div>\n\t\t","protected":false},"excerpt":{"rendered":"<p>Nutzungsbedingungen Zuletzt aktualisiert am: 19. Februar 2024 Willkommen bei privcybee.io (\u201cWebsite\u201d), betrieben von der PrivacyBee AG (\u201cwir\u201d, \u201cuns\u201d oder \u201cunser\u201d). Diese Nutzungsbedingungen (\u201cBedingungen\u201d) regeln die Nutzung dieser Webseite. Durch die Nutzung der Website erkl\u00e4ren Sie sich mit diesen Bedingungen einverstanden. 1. Geistiges Eigentum Wo immer Inhalte von dieser Internetseite wiedergegeben werden, ist stets auf PrivacyBee [&hellip;]<\/p>\n","protected":false},"author":1,"featured_media":0,"parent":0,"menu_order":0,"comment_status":"closed","ping_status":"closed","template":"elementor_header_footer","meta":{"_acf_changed":false,"footnotes":""},"class_list":["post-475","page","type-page","status-publish","hentry"],"acf":[],"yoast_head":"<!-- This site is optimized with the Yoast SEO Premium plugin v27.3 (Yoast SEO v27.3) - https:\/\/yoast.com\/product\/yoast-seo-premium-wordpress\/ -->\n<title>Nutzungsbedingungen | PrivacyBee \u00d6sterreich<\/title>\n<meta name=\"description\" content=\"Informiere dich \u00fcber die Nutzungsbedingungen von PrivacyBee, dem Datenschutzgenerator, der Websites sch\u00fctzt | PrivacyBee \u00d6sterreich\" \/>\n<meta name=\"robots\" content=\"index, follow, max-snippet:-1, max-image-preview:large, max-video-preview:-1\" \/>\n<link rel=\"canonical\" href=\"https:\/\/www.privacybee.io\/de-at\/nutzungsbedingungen\/\" \/>\n<meta property=\"og:locale\" content=\"de_DE\" \/>\n<meta property=\"og:type\" content=\"article\" \/>\n<meta property=\"og:title\" content=\"Nutzungsbedingungen\" \/>\n<meta property=\"og:description\" content=\"Informiere dich \u00fcber die Nutzungsbedingungen von PrivacyBee, dem Datenschutzgenerator, der Websites sch\u00fctzt | PrivacyBee \u00d6sterreich\" \/>\n<meta property=\"og:url\" content=\"https:\/\/www.privacybee.io\/de-at\/nutzungsbedingungen\/\" \/>\n<meta property=\"og:site_name\" content=\"PrivacyBee\" \/>\n<meta property=\"article:modified_time\" content=\"2025-12-22T10:20:56+00:00\" \/>\n<meta name=\"twitter:card\" content=\"summary_large_image\" \/>\n<meta name=\"twitter:label1\" content=\"Gesch\u00e4tzte Lesezeit\" \/>\n\t<meta name=\"twitter:data1\" content=\"2 Minuten\" \/>\n<script type=\"application\/ld+json\" class=\"yoast-schema-graph\">{\"@context\":\"https:\\\/\\\/schema.org\",\"@graph\":[{\"@type\":\"WebPage\",\"@id\":\"https:\\\/\\\/www.privacybee.io\\\/de-at\\\/nutzungsbedingungen\\\/\",\"url\":\"https:\\\/\\\/www.privacybee.io\\\/de-at\\\/nutzungsbedingungen\\\/\",\"name\":\"Nutzungsbedingungen | PrivacyBee \u00d6sterreich\",\"isPartOf\":{\"@id\":\"https:\\\/\\\/www.privacybee.io\\\/de-at\\\/#website\"},\"datePublished\":\"2025-12-18T20:51:09+00:00\",\"dateModified\":\"2025-12-22T10:20:56+00:00\",\"description\":\"Informiere dich \u00fcber die Nutzungsbedingungen von PrivacyBee, dem Datenschutzgenerator, der Websites sch\u00fctzt | PrivacyBee \u00d6sterreich\",\"breadcrumb\":{\"@id\":\"https:\\\/\\\/www.privacybee.io\\\/de-at\\\/nutzungsbedingungen\\\/#breadcrumb\"},\"inLanguage\":\"de-AT\",\"potentialAction\":[{\"@type\":\"ReadAction\",\"target\":[\"https:\\\/\\\/www.privacybee.io\\\/de-at\\\/nutzungsbedingungen\\\/\"]}]},{\"@type\":\"BreadcrumbList\",\"@id\":\"https:\\\/\\\/www.privacybee.io\\\/de-at\\\/nutzungsbedingungen\\\/#breadcrumb\",\"itemListElement\":[{\"@type\":\"ListItem\",\"position\":1,\"name\":\"Home\",\"item\":\"https:\\\/\\\/www.privacybee.io\\\/de-at\\\/\"},{\"@type\":\"ListItem\",\"position\":2,\"name\":\"Nutzungsbedingungen\"}]},{\"@type\":\"WebSite\",\"@id\":\"https:\\\/\\\/www.privacybee.io\\\/de-at\\\/#website\",\"url\":\"https:\\\/\\\/www.privacybee.io\\\/de-at\\\/\",\"name\":\"PrivacyBee\",\"description\":\"PrivacyBee - Datenschutz im Autopilot\",\"publisher\":{\"@id\":\"https:\\\/\\\/www.privacybee.io\\\/de-at\\\/#organization\"},\"potentialAction\":[{\"@type\":\"SearchAction\",\"target\":{\"@type\":\"EntryPoint\",\"urlTemplate\":\"https:\\\/\\\/www.privacybee.io\\\/de-at\\\/?s={search_term_string}\"},\"query-input\":{\"@type\":\"PropertyValueSpecification\",\"valueRequired\":true,\"valueName\":\"search_term_string\"}}],\"inLanguage\":\"de-AT\"},{\"@type\":\"Organization\",\"@id\":\"https:\\\/\\\/www.privacybee.io\\\/de-at\\\/#organization\",\"name\":\"PrivacyBee\",\"url\":\"https:\\\/\\\/www.privacybee.io\\\/de-at\\\/\",\"logo\":{\"@type\":\"ImageObject\",\"inLanguage\":\"de-AT\",\"@id\":\"https:\\\/\\\/www.privacybee.io\\\/de-at\\\/#\\\/schema\\\/logo\\\/image\\\/\",\"url\":\"https:\\\/\\\/www.privacybee.io\\\/wp-content\\\/uploads\\\/2026\\\/01\\\/PrivacyBee-Favicon-3.png\",\"contentUrl\":\"https:\\\/\\\/www.privacybee.io\\\/wp-content\\\/uploads\\\/2026\\\/01\\\/PrivacyBee-Favicon-3.png\",\"width\":512,\"height\":512,\"caption\":\"PrivacyBee\"},\"image\":{\"@id\":\"https:\\\/\\\/www.privacybee.io\\\/de-at\\\/#\\\/schema\\\/logo\\\/image\\\/\"}}]}<\/script>\n<!-- \/ Yoast SEO Premium plugin. -->","yoast_head_json":{"title":"Nutzungsbedingungen | PrivacyBee \u00d6sterreich","description":"Informiere dich \u00fcber die Nutzungsbedingungen von PrivacyBee, dem Datenschutzgenerator, der Websites sch\u00fctzt | PrivacyBee \u00d6sterreich","robots":{"index":"index","follow":"follow","max-snippet":"max-snippet:-1","max-image-preview":"max-image-preview:large","max-video-preview":"max-video-preview:-1"},"canonical":"https:\/\/www.privacybee.io\/de-at\/nutzungsbedingungen\/","og_locale":"de_DE","og_type":"article","og_title":"Nutzungsbedingungen","og_description":"Informiere dich \u00fcber die Nutzungsbedingungen von PrivacyBee, dem Datenschutzgenerator, der Websites sch\u00fctzt | PrivacyBee \u00d6sterreich","og_url":"https:\/\/www.privacybee.io\/de-at\/nutzungsbedingungen\/","og_site_name":"PrivacyBee","article_modified_time":"2025-12-22T10:20:56+00:00","twitter_card":"summary_large_image","twitter_misc":{"Gesch\u00e4tzte Lesezeit":"2 Minuten"},"schema":{"@context":"https:\/\/schema.org","@graph":[{"@type":"WebPage","@id":"https:\/\/www.privacybee.io\/de-at\/nutzungsbedingungen\/","url":"https:\/\/www.privacybee.io\/de-at\/nutzungsbedingungen\/","name":"Nutzungsbedingungen | PrivacyBee \u00d6sterreich","isPartOf":{"@id":"https:\/\/www.privacybee.io\/de-at\/#website"},"datePublished":"2025-12-18T20:51:09+00:00","dateModified":"2025-12-22T10:20:56+00:00","description":"Informiere dich \u00fcber die Nutzungsbedingungen von PrivacyBee, dem Datenschutzgenerator, der Websites sch\u00fctzt | PrivacyBee \u00d6sterreich","breadcrumb":{"@id":"https:\/\/www.privacybee.io\/de-at\/nutzungsbedingungen\/#breadcrumb"},"inLanguage":"de-AT","potentialAction":[{"@type":"ReadAction","target":["https:\/\/www.privacybee.io\/de-at\/nutzungsbedingungen\/"]}]},{"@type":"BreadcrumbList","@id":"https:\/\/www.privacybee.io\/de-at\/nutzungsbedingungen\/#breadcrumb","itemListElement":[{"@type":"ListItem","position":1,"name":"Home","item":"https:\/\/www.privacybee.io\/de-at\/"},{"@type":"ListItem","position":2,"name":"Nutzungsbedingungen"}]},{"@type":"WebSite","@id":"https:\/\/www.privacybee.io\/de-at\/#website","url":"https:\/\/www.privacybee.io\/de-at\/","name":"PrivacyBee","description":"PrivacyBee - Datenschutz im Autopilot","publisher":{"@id":"https:\/\/www.privacybee.io\/de-at\/#organization"},"potentialAction":[{"@type":"SearchAction","target":{"@type":"EntryPoint","urlTemplate":"https:\/\/www.privacybee.io\/de-at\/?s={search_term_string}"},"query-input":{"@type":"PropertyValueSpecification","valueRequired":true,"valueName":"search_term_string"}}],"inLanguage":"de-AT"},{"@type":"Organization","@id":"https:\/\/www.privacybee.io\/de-at\/#organization","name":"PrivacyBee","url":"https:\/\/www.privacybee.io\/de-at\/","logo":{"@type":"ImageObject","inLanguage":"de-AT","@id":"https:\/\/www.privacybee.io\/de-at\/#\/schema\/logo\/image\/","url":"https:\/\/www.privacybee.io\/wp-content\/uploads\/2026\/01\/PrivacyBee-Favicon-3.png","contentUrl":"https:\/\/www.privacybee.io\/wp-content\/uploads\/2026\/01\/PrivacyBee-Favicon-3.png","width":512,"height":512,"caption":"PrivacyBee"},"image":{"@id":"https:\/\/www.privacybee.io\/de-at\/#\/schema\/logo\/image\/"}}]}},"_links":{"self":[{"href":"https:\/\/www.privacybee.io\/de-at\/wp-json\/wp\/v2\/pages\/475","targetHints":{"allow":["GET"]}}],"collection":[{"href":"https:\/\/www.privacybee.io\/de-at\/wp-json\/wp\/v2\/pages"}],"about":[{"href":"https:\/\/www.privacybee.io\/de-at\/wp-json\/wp\/v2\/types\/page"}],"author":[{"embeddable":true,"href":"https:\/\/www.privacybee.io\/de-at\/wp-json\/wp\/v2\/users\/1"}],"replies":[{"embeddable":true,"href":"https:\/\/www.privacybee.io\/de-at\/wp-json\/wp\/v2\/comments?post=475"}],"version-history":[{"count":3,"href":"https:\/\/www.privacybee.io\/de-at\/wp-json\/wp\/v2\/pages\/475\/revisions"}],"predecessor-version":[{"id":1193,"href":"https:\/\/www.privacybee.io\/de-at\/wp-json\/wp\/v2\/pages\/475\/revisions\/1193"}],"wp:attachment":[{"href":"https:\/\/www.privacybee.io\/de-at\/wp-json\/wp\/v2\/media?parent=475"}],"curies":[{"name":"wp","href":"https:\/\/api.w.org\/{rel}","templated":true}]}}