{"id":492,"date":"2025-12-18T20:51:11","date_gmt":"2025-12-18T19:51:11","guid":{"rendered":"https:\/\/singlesite.privacybee.io\/impressum\/"},"modified":"2026-02-13T17:44:09","modified_gmt":"2026-02-13T16:44:09","slug":"impressum","status":"publish","type":"page","link":"https:\/\/www.privacybee.io\/de-at\/impressum\/","title":{"rendered":"Impressum"},"content":{"rendered":"\t\t<div data-elementor-type=\"wp-page\" data-elementor-id=\"492\" class=\"elementor elementor-492 elementor-75\" data-elementor-post-type=\"page\">\n\t\t\t\t<main class=\"elementor-element elementor-element-507fdd70 e-con-full add-content-id e-flex e-con e-parent\" data-id=\"507fdd70\" data-element_type=\"container\" data-e-type=\"container\">\n\t\t<div class=\"elementor-element elementor-element-6ac51571 e-flex e-con-boxed elementor-invisible e-con e-child\" data-id=\"6ac51571\" data-element_type=\"container\" data-e-type=\"container\" data-settings=\"{&quot;animation&quot;:&quot;fadeIn&quot;}\">\n\t\t\t\t\t<div class=\"e-con-inner\">\n\t\t<div class=\"elementor-element elementor-element-7b0900c5 e-con-full e-flex e-con e-child\" data-id=\"7b0900c5\" data-element_type=\"container\" data-e-type=\"container\">\n\t\t\t\t<div class=\"elementor-element elementor-element-f2d05bc elementor-widget elementor-widget-html\" data-id=\"f2d05bc\" data-element_type=\"widget\" data-e-type=\"widget\" data-widget_type=\"html.default\">\n\t\t\t\t\t<script src=\"https:\/\/app.privacybee.io\/imprint-widget.js\"><\/script>\n<imprint-widget website-id=\"cm4whro3z000z10hflhkntx18\" lang=\"de\"><\/imprint-widget>\t\t\t\t<\/div>\n\t\t\t\t<\/div>\n\t\t\t\t\t<\/div>\n\t\t\t\t<\/div>\n\t\t<div class=\"elementor-element elementor-element-7e3d78e7 e-con-full e-flex e-con e-child\" data-id=\"7e3d78e7\" data-element_type=\"container\" data-e-type=\"container\">\n\t\t\t\t<div class=\"elementor-element elementor-element-25e85cd5 elementor-widget elementor-widget-template\" data-id=\"25e85cd5\" data-element_type=\"widget\" data-e-type=\"widget\" data-widget_type=\"template.default\">\n\t\t\t\t<div class=\"elementor-widget-container\">\n\t\t\t\t\t\t\t<div class=\"elementor-template\">\n\t\t\t\t\t<div data-elementor-type=\"container\" data-elementor-id=\"552\" class=\"elementor elementor-552 elementor-21 elementor-21\" data-elementor-post-type=\"elementor_library\">\n\t\t\t\t<div class=\"elementor-element elementor-element-2b8443e5 e-flex e-con-boxed elementor-invisible e-con e-child\" data-id=\"2b8443e5\" data-element_type=\"container\" data-e-type=\"container\" data-settings=\"{&quot;background_background&quot;:&quot;classic&quot;,&quot;animation&quot;:&quot;fadeIn&quot;}\">\n\t\t\t\t\t<div class=\"e-con-inner\">\n\t\t<div class=\"elementor-element elementor-element-355ebb41 e-con-full e-flex e-con e-child\" data-id=\"355ebb41\" data-element_type=\"container\" data-e-type=\"container\">\n\t\t\t\t<div class=\"elementor-element elementor-element-71656e21 elementor-widget__width-initial elementor-widget-mobile__width-inherit elementor-invisible elementor-widget elementor-widget-heading\" data-id=\"71656e21\" data-element_type=\"widget\" data-e-type=\"widget\" data-settings=\"{&quot;_animation&quot;:&quot;fadeIn&quot;}\" data-widget_type=\"heading.default\">\n\t\t\t\t\t<h2 class=\"elementor-heading-title elementor-size-default\">Sch\u00fctze deine Website noch heute!<\/h2>\t\t\t\t<\/div>\n\t\t\t\t<div class=\"elementor-element elementor-element-74a0b4aa elementor-widget__width-initial elementor-widget-mobile__width-inherit elementor-invisible elementor-widget elementor-widget-text-editor\" data-id=\"74a0b4aa\" data-element_type=\"widget\" data-e-type=\"widget\" data-settings=\"{&quot;_animation&quot;:&quot;fadeIn&quot;}\" data-widget_type=\"text-editor.default\">\n\t\t\t\t\t\t\t\t\t<p>Starte jetzt und erlebe, wie einfach Datenschutz sein kann. Nutze unseren einfachen und individuellen Website-Scan und mache deine Webseite auch fortlaufend abmahnsicher. <\/p>\t\t\t\t\t\t\t\t<\/div>\n\t\t\t\t<div class=\"elementor-element elementor-element-6d61a177 elementor-widget__width-initial elementor-invisible elementor-widget elementor-widget-button\" data-id=\"6d61a177\" data-element_type=\"widget\" data-e-type=\"widget\" data-settings=\"{&quot;_animation&quot;:&quot;fadeIn&quot;}\" data-widget_type=\"button.default\">\n\t\t\t\t\t\t\t\t\t\t<a class=\"elementor-button elementor-button-link elementor-size-sm\" href=\"https:\/\/app.privacybee.io\/at\/signup\/v2?language=de\">\n\t\t\t\t\t\t<span class=\"elementor-button-content-wrapper\">\n\t\t\t\t\t\t\t\t\t<span class=\"elementor-button-text\">Jetzt starten<\/span>\n\t\t\t\t\t<\/span>\n\t\t\t\t\t<\/a>\n\t\t\t\t\t\t\t\t<\/div>\n\t\t\t\t<\/div>\n\t\t<div class=\"elementor-element elementor-element-60c4c184 e-con-full e-flex e-con e-child\" data-id=\"60c4c184\" data-element_type=\"container\" data-e-type=\"container\">\n\t\t\t\t<div class=\"elementor-element elementor-element-4adaa6b6 elementor-invisible elementor-widget elementor-widget-image\" data-id=\"4adaa6b6\" data-element_type=\"widget\" data-e-type=\"widget\" data-settings=\"{&quot;_animation&quot;:&quot;fadeIn&quot;}\" data-widget_type=\"image.default\">\n\t\t\t\t\t\t\t\t\t\t\t\t\t\t\t<img fetchpriority=\"high\" decoding=\"async\" width=\"1518\" height=\"1227\" src=\"https:\/\/www.privacybee.io\/wp-content\/uploads\/2026\/03\/pb_hero_26-1.png\" class=\"attachment-full size-full wp-image-2841\" alt=\"\" srcset=\"https:\/\/www.privacybee.io\/wp-content\/uploads\/2026\/03\/pb_hero_26-1.png 1518w, https:\/\/www.privacybee.io\/wp-content\/uploads\/2026\/03\/pb_hero_26-1-300x242.png 300w, https:\/\/www.privacybee.io\/wp-content\/uploads\/2026\/03\/pb_hero_26-1-1024x828.png 1024w, https:\/\/www.privacybee.io\/wp-content\/uploads\/2026\/03\/pb_hero_26-1-768x621.png 768w\" sizes=\"(max-width: 1518px) 100vw, 1518px\" \/>\t\t\t\t\t\t\t\t\t\t\t\t\t\t\t<\/div>\n\t\t\t\t<\/div>\n\t\t\t\t\t<\/div>\n\t\t\t\t<\/div>\n\t\t\t\t<\/div>\n\t\t\t\t<\/div>\n\t\t\t\t\t\t<\/div>\n\t\t\t\t<\/div>\n\t\t\t\t<\/div>\n\t\t\t\t<\/main>\n\t\t\t\t<\/div>\n\t\t","protected":false},"excerpt":{"rendered":"","protected":false},"author":1,"featured_media":0,"parent":0,"menu_order":0,"comment_status":"closed","ping_status":"closed","template":"elementor_header_footer","meta":{"_acf_changed":false,"footnotes":""},"class_list":["post-492","page","type-page","status-publish","hentry"],"acf":[],"yoast_head":"<!-- This site is optimized with the Yoast SEO Premium plugin v27.4 (Yoast SEO v27.4) - https:\/\/yoast.com\/product\/yoast-seo-premium-wordpress\/ -->\n<title>Unser Impressum | PrivacyBee \u00d6sterreich<\/title>\n<meta name=\"description\" content=\"Erfahre mehr \u00fcber das Unternehmen hinter PrivacyBee, deinem zuverl\u00e4ssigen Partner f\u00fcr Datenschutz | PrivacyBee \u00d6sterreich\" \/>\n<meta name=\"robots\" content=\"index, follow, max-snippet:-1, max-image-preview:large, max-video-preview:-1\" \/>\n<link rel=\"canonical\" href=\"https:\/\/www.privacybee.io\/de-at\/impressum\/\" \/>\n<meta property=\"og:locale\" content=\"de_DE\" \/>\n<meta property=\"og:type\" content=\"article\" \/>\n<meta property=\"og:title\" content=\"Impressum\" \/>\n<meta property=\"og:description\" content=\"Erfahre mehr \u00fcber das Unternehmen hinter PrivacyBee, deinem zuverl\u00e4ssigen Partner f\u00fcr Datenschutz | PrivacyBee \u00d6sterreich\" \/>\n<meta property=\"og:url\" content=\"https:\/\/www.privacybee.io\/de-at\/impressum\/\" \/>\n<meta property=\"og:site_name\" content=\"PrivacyBee\" \/>\n<meta property=\"article:modified_time\" content=\"2026-02-13T16:44:09+00:00\" \/>\n<meta name=\"twitter:card\" content=\"summary_large_image\" \/>\n<meta name=\"twitter:label1\" content=\"Gesch\u00e4tzte Lesezeit\" \/>\n\t<meta name=\"twitter:data1\" content=\"1 Minute\" \/>\n<script type=\"application\/ld+json\" class=\"yoast-schema-graph\">{\"@context\":\"https:\\\/\\\/schema.org\",\"@graph\":[{\"@type\":\"WebPage\",\"@id\":\"https:\\\/\\\/www.privacybee.io\\\/de-at\\\/impressum\\\/\",\"url\":\"https:\\\/\\\/www.privacybee.io\\\/de-at\\\/impressum\\\/\",\"name\":\"Unser Impressum | PrivacyBee \u00d6sterreich\",\"isPartOf\":{\"@id\":\"https:\\\/\\\/www.privacybee.io\\\/de-at\\\/#website\"},\"datePublished\":\"2025-12-18T19:51:11+00:00\",\"dateModified\":\"2026-02-13T16:44:09+00:00\",\"description\":\"Erfahre mehr \u00fcber das Unternehmen hinter PrivacyBee, deinem zuverl\u00e4ssigen Partner f\u00fcr Datenschutz | PrivacyBee \u00d6sterreich\",\"breadcrumb\":{\"@id\":\"https:\\\/\\\/www.privacybee.io\\\/de-at\\\/impressum\\\/#breadcrumb\"},\"inLanguage\":\"de-AT\",\"potentialAction\":[{\"@type\":\"ReadAction\",\"target\":[\"https:\\\/\\\/www.privacybee.io\\\/de-at\\\/impressum\\\/\"]}]},{\"@type\":\"BreadcrumbList\",\"@id\":\"https:\\\/\\\/www.privacybee.io\\\/de-at\\\/impressum\\\/#breadcrumb\",\"itemListElement\":[{\"@type\":\"ListItem\",\"position\":1,\"name\":\"Home\",\"item\":\"https:\\\/\\\/www.privacybee.io\\\/de-at\\\/\"},{\"@type\":\"ListItem\",\"position\":2,\"name\":\"Impressum\"}]},{\"@type\":\"WebSite\",\"@id\":\"https:\\\/\\\/www.privacybee.io\\\/de-at\\\/#website\",\"url\":\"https:\\\/\\\/www.privacybee.io\\\/de-at\\\/\",\"name\":\"PrivacyBee\",\"description\":\"PrivacyBee - Datenschutz im Autopilot\",\"publisher\":{\"@id\":\"https:\\\/\\\/www.privacybee.io\\\/de-at\\\/#organization\"},\"potentialAction\":[{\"@type\":\"SearchAction\",\"target\":{\"@type\":\"EntryPoint\",\"urlTemplate\":\"https:\\\/\\\/www.privacybee.io\\\/de-at\\\/?s={search_term_string}\"},\"query-input\":{\"@type\":\"PropertyValueSpecification\",\"valueRequired\":true,\"valueName\":\"search_term_string\"}}],\"inLanguage\":\"de-AT\"},{\"@type\":\"Organization\",\"@id\":\"https:\\\/\\\/www.privacybee.io\\\/de-at\\\/#organization\",\"name\":\"PrivacyBee\",\"url\":\"https:\\\/\\\/www.privacybee.io\\\/de-at\\\/\",\"logo\":{\"@type\":\"ImageObject\",\"inLanguage\":\"de-AT\",\"@id\":\"https:\\\/\\\/www.privacybee.io\\\/de-at\\\/#\\\/schema\\\/logo\\\/image\\\/\",\"url\":\"https:\\\/\\\/www.privacybee.io\\\/wp-content\\\/uploads\\\/2026\\\/01\\\/PrivacyBee-Favicon-3.png\",\"contentUrl\":\"https:\\\/\\\/www.privacybee.io\\\/wp-content\\\/uploads\\\/2026\\\/01\\\/PrivacyBee-Favicon-3.png\",\"width\":512,\"height\":512,\"caption\":\"PrivacyBee\"},\"image\":{\"@id\":\"https:\\\/\\\/www.privacybee.io\\\/de-at\\\/#\\\/schema\\\/logo\\\/image\\\/\"}}]}<\/script>\n<!-- \/ Yoast SEO Premium plugin. -->","yoast_head_json":{"title":"Unser Impressum | PrivacyBee \u00d6sterreich","description":"Erfahre mehr \u00fcber das Unternehmen hinter PrivacyBee, deinem zuverl\u00e4ssigen Partner f\u00fcr Datenschutz | PrivacyBee \u00d6sterreich","robots":{"index":"index","follow":"follow","max-snippet":"max-snippet:-1","max-image-preview":"max-image-preview:large","max-video-preview":"max-video-preview:-1"},"canonical":"https:\/\/www.privacybee.io\/de-at\/impressum\/","og_locale":"de_DE","og_type":"article","og_title":"Impressum","og_description":"Erfahre mehr \u00fcber das Unternehmen hinter PrivacyBee, deinem zuverl\u00e4ssigen Partner f\u00fcr Datenschutz | PrivacyBee \u00d6sterreich","og_url":"https:\/\/www.privacybee.io\/de-at\/impressum\/","og_site_name":"PrivacyBee","article_modified_time":"2026-02-13T16:44:09+00:00","twitter_card":"summary_large_image","twitter_misc":{"Gesch\u00e4tzte Lesezeit":"1 Minute"},"schema":{"@context":"https:\/\/schema.org","@graph":[{"@type":"WebPage","@id":"https:\/\/www.privacybee.io\/de-at\/impressum\/","url":"https:\/\/www.privacybee.io\/de-at\/impressum\/","name":"Unser Impressum | PrivacyBee \u00d6sterreich","isPartOf":{"@id":"https:\/\/www.privacybee.io\/de-at\/#website"},"datePublished":"2025-12-18T19:51:11+00:00","dateModified":"2026-02-13T16:44:09+00:00","description":"Erfahre mehr \u00fcber das Unternehmen hinter PrivacyBee, deinem zuverl\u00e4ssigen Partner f\u00fcr Datenschutz | PrivacyBee \u00d6sterreich","breadcrumb":{"@id":"https:\/\/www.privacybee.io\/de-at\/impressum\/#breadcrumb"},"inLanguage":"de-AT","potentialAction":[{"@type":"ReadAction","target":["https:\/\/www.privacybee.io\/de-at\/impressum\/"]}]},{"@type":"BreadcrumbList","@id":"https:\/\/www.privacybee.io\/de-at\/impressum\/#breadcrumb","itemListElement":[{"@type":"ListItem","position":1,"name":"Home","item":"https:\/\/www.privacybee.io\/de-at\/"},{"@type":"ListItem","position":2,"name":"Impressum"}]},{"@type":"WebSite","@id":"https:\/\/www.privacybee.io\/de-at\/#website","url":"https:\/\/www.privacybee.io\/de-at\/","name":"PrivacyBee","description":"PrivacyBee - Datenschutz im Autopilot","publisher":{"@id":"https:\/\/www.privacybee.io\/de-at\/#organization"},"potentialAction":[{"@type":"SearchAction","target":{"@type":"EntryPoint","urlTemplate":"https:\/\/www.privacybee.io\/de-at\/?s={search_term_string}"},"query-input":{"@type":"PropertyValueSpecification","valueRequired":true,"valueName":"search_term_string"}}],"inLanguage":"de-AT"},{"@type":"Organization","@id":"https:\/\/www.privacybee.io\/de-at\/#organization","name":"PrivacyBee","url":"https:\/\/www.privacybee.io\/de-at\/","logo":{"@type":"ImageObject","inLanguage":"de-AT","@id":"https:\/\/www.privacybee.io\/de-at\/#\/schema\/logo\/image\/","url":"https:\/\/www.privacybee.io\/wp-content\/uploads\/2026\/01\/PrivacyBee-Favicon-3.png","contentUrl":"https:\/\/www.privacybee.io\/wp-content\/uploads\/2026\/01\/PrivacyBee-Favicon-3.png","width":512,"height":512,"caption":"PrivacyBee"},"image":{"@id":"https:\/\/www.privacybee.io\/de-at\/#\/schema\/logo\/image\/"}}]}},"_links":{"self":[{"href":"https:\/\/www.privacybee.io\/de-at\/wp-json\/wp\/v2\/pages\/492","targetHints":{"allow":["GET"]}}],"collection":[{"href":"https:\/\/www.privacybee.io\/de-at\/wp-json\/wp\/v2\/pages"}],"about":[{"href":"https:\/\/www.privacybee.io\/de-at\/wp-json\/wp\/v2\/types\/page"}],"author":[{"embeddable":true,"href":"https:\/\/www.privacybee.io\/de-at\/wp-json\/wp\/v2\/users\/1"}],"replies":[{"embeddable":true,"href":"https:\/\/www.privacybee.io\/de-at\/wp-json\/wp\/v2\/comments?post=492"}],"version-history":[{"count":4,"href":"https:\/\/www.privacybee.io\/de-at\/wp-json\/wp\/v2\/pages\/492\/revisions"}],"predecessor-version":[{"id":2092,"href":"https:\/\/www.privacybee.io\/de-at\/wp-json\/wp\/v2\/pages\/492\/revisions\/2092"}],"wp:attachment":[{"href":"https:\/\/www.privacybee.io\/de-at\/wp-json\/wp\/v2\/media?parent=492"}],"curies":[{"name":"wp","href":"https:\/\/api.w.org\/{rel}","templated":true}]}}