{"id":820,"date":"2025-12-18T20:51:09","date_gmt":"2025-12-18T20:51:09","guid":{"rendered":"https:\/\/singlesite.privacybee.io\/conditions-dutilisation\/"},"modified":"2025-12-19T17:20:26","modified_gmt":"2025-12-19T17:20:26","slug":"conditions-dutilisation","status":"publish","type":"page","link":"https:\/\/www.privacybee.io\/fr-ch\/conditions-dutilisation\/","title":{"rendered":"Conditions d\u2019utilisation"},"content":{"rendered":"\t\t<div data-elementor-type=\"wp-page\" data-elementor-id=\"820\" class=\"elementor elementor-820 elementor-58\" data-elementor-post-type=\"page\">\n\t\t\t\t<main class=\"elementor-element elementor-element-266cfd19 e-con-full add-content-id e-flex e-con e-parent\" data-id=\"266cfd19\" data-element_type=\"container\" data-e-type=\"container\">\n\t\t<div class=\"elementor-element elementor-element-31ab900d e-flex e-con-boxed elementor-invisible e-con e-child\" data-id=\"31ab900d\" data-element_type=\"container\" data-e-type=\"container\" data-settings=\"{&quot;animation&quot;:&quot;fadeIn&quot;}\">\n\t\t\t\t\t<div class=\"e-con-inner\">\n\t\t<div class=\"elementor-element elementor-element-2acbbebe e-con-full e-flex e-con e-child\" data-id=\"2acbbebe\" data-element_type=\"container\" data-e-type=\"container\">\n\t\t\t\t<div class=\"elementor-element elementor-element-78185765 elementor-invisible elementor-widget elementor-widget-heading\" data-id=\"78185765\" data-element_type=\"widget\" data-e-type=\"widget\" data-settings=\"{&quot;_animation&quot;:&quot;fadeIn&quot;}\" data-widget_type=\"heading.default\">\n\t\t\t\t\t<h1 class=\"elementor-heading-title elementor-size-default\">Conditions d\u2019utilisation<\/h1>\t\t\t\t<\/div>\n\t\t\t\t<div class=\"elementor-element elementor-element-658eccb8 elementor-widget-mobile__width-inherit elementor-invisible elementor-widget elementor-widget-text-editor\" data-id=\"658eccb8\" data-element_type=\"widget\" data-e-type=\"widget\" data-settings=\"{&quot;_animation&quot;:&quot;fadeIn&quot;}\" data-widget_type=\"text-editor.default\">\n\t\t\t\t\t\t\t\t\t<p><strong>Derni\u00e8re mise \u00e0 jour&nbsp;: 19&nbsp;f\u00e9vrier&nbsp;2024<\/strong><\/p>\t\t\t\t\t\t\t\t<\/div>\n\t\t\t\t<div class=\"elementor-element elementor-element-14c7ff0c elementor-widget-mobile__width-inherit elementor-invisible elementor-widget elementor-widget-text-editor\" data-id=\"14c7ff0c\" data-element_type=\"widget\" data-e-type=\"widget\" data-settings=\"{&quot;_animation&quot;:&quot;fadeIn&quot;}\" data-widget_type=\"text-editor.default\">\n\t\t\t\t\t\t\t\t\t<p>Bienvenue sur privcybee.io (\u00ab&nbsp;site web&nbsp;\u00bb), exploit\u00e9 par PrivacyBee AG (\u00ab&nbsp;nous&nbsp;\u00bb, \u00ab&nbsp;notre&nbsp;\u00bb ou \u00ab&nbsp;nos&nbsp;\u00bb). Les pr\u00e9sentes conditions d\u2019utilisation (\u00ab&nbsp;Conditions&nbsp;\u00bb) r\u00e9gissent l\u2019utilisation de ce site web. En utilisant le site web, vous acceptez les pr\u00e9sentes conditions.  <\/p>\t\t\t\t\t\t\t\t<\/div>\n\t\t\t\t<div class=\"elementor-element elementor-element-31061ae6 elementor-invisible elementor-widget elementor-widget-heading\" data-id=\"31061ae6\" data-element_type=\"widget\" data-e-type=\"widget\" data-settings=\"{&quot;_animation&quot;:&quot;fadeIn&quot;}\" data-widget_type=\"heading.default\">\n\t\t\t\t\t<h2 class=\"elementor-heading-title elementor-size-default\">1. Propri\u00e9t\u00e9 intellectuelle<\/h2>\t\t\t\t<\/div>\n\t\t\t\t<div class=\"elementor-element elementor-element-5e870951 elementor-widget-mobile__width-inherit elementor-invisible elementor-widget elementor-widget-text-editor\" data-id=\"5e870951\" data-element_type=\"widget\" data-e-type=\"widget\" data-settings=\"{&quot;_animation&quot;:&quot;fadeIn&quot;}\" data-widget_type=\"text-editor.default\">\n\t\t\t\t\t\t\t\t\t<p>Chaque fois que le contenu de ce site web est reproduit, PrivacyBee doit toujours \u00eatre mentionn\u00e9 comme source. Le contenu ne doit en aucun cas \u00eatre modifi\u00e9. <\/p><p>Les images et les vid\u00e9os de ce site web ne doivent pas \u00eatre enregistr\u00e9es, redistribu\u00e9es ou reproduites. Toutefois, vous pouvez enregistrer ou t\u00e9l\u00e9charger temporairement le contenu de ce site web sur votre appareil \u00e0 des fins de consultation priv\u00e9e. <\/p>\t\t\t\t\t\t\t\t<\/div>\n\t\t\t\t<div class=\"elementor-element elementor-element-107ae049 elementor-invisible elementor-widget elementor-widget-heading\" data-id=\"107ae049\" data-element_type=\"widget\" data-e-type=\"widget\" data-settings=\"{&quot;_animation&quot;:&quot;fadeIn&quot;}\" data-widget_type=\"heading.default\">\n\t\t\t\t\t<h2 class=\"elementor-heading-title elementor-size-default\">2. Information<\/h2>\t\t\t\t<\/div>\n\t\t\t\t<div class=\"elementor-element elementor-element-6f642e56 elementor-widget-mobile__width-inherit elementor-invisible elementor-widget elementor-widget-text-editor\" data-id=\"6f642e56\" data-element_type=\"widget\" data-e-type=\"widget\" data-settings=\"{&quot;_animation&quot;:&quot;fadeIn&quot;}\" data-widget_type=\"text-editor.default\">\n\t\t\t\t\t\t\t\t\t<p>Les informations contenues sur ce site web sont uniquement destin\u00e9es \u00e0 des fins d\u2019information g\u00e9n\u00e9rale. PrivacyBee AG s\u2019efforce de maintenir les informations sur ce site web \u00e0 jour, mais n\u2019est pas responsable des erreurs ou omissions. Si un abonnement aux services de protection des donn\u00e9es de PrivacyBee est souscrit via ce site web, seules les conditions g\u00e9n\u00e9rales de licence (CGL) sont applicables et les informations qu\u2019elles contiennent sont d\u00e9terminantes.  <\/p>\t\t\t\t\t\t\t\t<\/div>\n\t\t\t\t<div class=\"elementor-element elementor-element-7d136d43 elementor-invisible elementor-widget elementor-widget-heading\" data-id=\"7d136d43\" data-element_type=\"widget\" data-e-type=\"widget\" data-settings=\"{&quot;_animation&quot;:&quot;fadeIn&quot;}\" data-widget_type=\"heading.default\">\n\t\t\t\t\t<h2 class=\"elementor-heading-title elementor-size-default\">3. Liens vers d\u2019autres sites web<\/h2>\t\t\t\t<\/div>\n\t\t\t\t<div class=\"elementor-element elementor-element-44bbb9d9 elementor-widget-mobile__width-inherit elementor-invisible elementor-widget elementor-widget-text-editor\" data-id=\"44bbb9d9\" data-element_type=\"widget\" data-e-type=\"widget\" data-settings=\"{&quot;_animation&quot;:&quot;fadeIn&quot;}\" data-widget_type=\"text-editor.default\">\n\t\t\t\t\t\t\t\t\t<p>Le site web peut contenir des liens vers des sites web de tiers sur lesquels nous n\u2019avons aucune influence. Nous n\u2019assumons aucune responsabilit\u00e9 pour le contenu, le traitement des donn\u00e9es ou d\u2019autres aspects de ces sites web de tiers. <\/p>\t\t\t\t\t\t\t\t<\/div>\n\t\t\t\t<div class=\"elementor-element elementor-element-3b291cff elementor-invisible elementor-widget elementor-widget-heading\" data-id=\"3b291cff\" data-element_type=\"widget\" data-e-type=\"widget\" data-settings=\"{&quot;_animation&quot;:&quot;fadeIn&quot;}\" data-widget_type=\"heading.default\">\n\t\t\t\t\t<h2 class=\"elementor-heading-title elementor-size-default\">4. Protection des donn\u00e9es<\/h2>\t\t\t\t<\/div>\n\t\t\t\t<div class=\"elementor-element elementor-element-4ab92417 elementor-widget-mobile__width-inherit elementor-invisible elementor-widget elementor-widget-text-editor\" data-id=\"4ab92417\" data-element_type=\"widget\" data-e-type=\"widget\" data-settings=\"{&quot;_animation&quot;:&quot;fadeIn&quot;}\" data-widget_type=\"text-editor.default\">\n\t\t\t\t\t\t\t\t\t<p>Vous trouverez des informations sur notre traitement des donn\u00e9es dans notre d\u00e9claration de protection des donn\u00e9es, qui fait partie int\u00e9grante des pr\u00e9sentes conditions d\u2019utilisation.<\/p>\t\t\t\t\t\t\t\t<\/div>\n\t\t\t\t<div class=\"elementor-element elementor-element-febc3a1 elementor-invisible elementor-widget elementor-widget-heading\" data-id=\"febc3a1\" data-element_type=\"widget\" data-e-type=\"widget\" data-settings=\"{&quot;_animation&quot;:&quot;fadeIn&quot;}\" data-widget_type=\"heading.default\">\n\t\t\t\t\t<h2 class=\"elementor-heading-title elementor-size-default\">5. Limitation de responsabilit\u00e9<\/h2>\t\t\t\t<\/div>\n\t\t\t\t<div class=\"elementor-element elementor-element-3a899789 elementor-widget-mobile__width-inherit elementor-invisible elementor-widget elementor-widget-text-editor\" data-id=\"3a899789\" data-element_type=\"widget\" data-e-type=\"widget\" data-settings=\"{&quot;_animation&quot;:&quot;fadeIn&quot;}\" data-widget_type=\"text-editor.default\">\n\t\t\t\t\t\t\t\t\t<p>En aucun cas, nous ne serons responsables envers vous ou envers des tiers pour les dommages r\u00e9sultant de votre utilisation du site web.<\/p>\t\t\t\t\t\t\t\t<\/div>\n\t\t\t\t<div class=\"elementor-element elementor-element-3cc88fe8 elementor-invisible elementor-widget elementor-widget-heading\" data-id=\"3cc88fe8\" data-element_type=\"widget\" data-e-type=\"widget\" data-settings=\"{&quot;_animation&quot;:&quot;fadeIn&quot;}\" data-widget_type=\"heading.default\">\n\t\t\t\t\t<h2 class=\"elementor-heading-title elementor-size-default\">6. Modifications et r\u00e9siliation<\/h2>\t\t\t\t<\/div>\n\t\t\t\t<div class=\"elementor-element elementor-element-106e1bd9 elementor-widget-mobile__width-inherit elementor-invisible elementor-widget elementor-widget-text-editor\" data-id=\"106e1bd9\" data-element_type=\"widget\" data-e-type=\"widget\" data-settings=\"{&quot;_animation&quot;:&quot;fadeIn&quot;}\" data-widget_type=\"text-editor.default\">\n\t\t\t\t\t\t\t\t\t<p>Nous nous r\u00e9servons le droit, \u00e0 tout moment et pour quelque raison que ce soit, d\u2019apporter des modifications au site web ou de mettre fin \u00e0 l\u2019acc\u00e8s au site web ou de le suspendre, sans vous en informer au pr\u00e9alable.<\/p>\t\t\t\t\t\t\t\t<\/div>\n\t\t\t\t<div class=\"elementor-element elementor-element-149b046 elementor-invisible elementor-widget elementor-widget-heading\" data-id=\"149b046\" data-element_type=\"widget\" data-e-type=\"widget\" data-settings=\"{&quot;_animation&quot;:&quot;fadeIn&quot;}\" data-widget_type=\"heading.default\">\n\t\t\t\t\t<h2 class=\"elementor-heading-title elementor-size-default\">7. Droit applicable<\/h2>\t\t\t\t<\/div>\n\t\t\t\t<div class=\"elementor-element elementor-element-3cbce7be elementor-widget-mobile__width-inherit elementor-invisible elementor-widget elementor-widget-text-editor\" data-id=\"3cbce7be\" data-element_type=\"widget\" data-e-type=\"widget\" data-settings=\"{&quot;_animation&quot;:&quot;fadeIn&quot;}\" data-widget_type=\"text-editor.default\">\n\t\t\t\t\t\t\t\t\t<p>Les pr\u00e9sentes conditions d\u2019utilisation et votre utilisation du site web sont soumises au droit suisse, sauf si l\u2019application du droit suisse est exclue. Tous les litiges en relation avec les pr\u00e9sentes conditions sont soumis \u00e0 la comp\u00e9tence exclusive des tribunaux suisses. <\/p>\t\t\t\t\t\t\t\t<\/div>\n\t\t\t\t<div class=\"elementor-element elementor-element-2eba43f6 elementor-invisible elementor-widget elementor-widget-heading\" data-id=\"2eba43f6\" data-element_type=\"widget\" data-e-type=\"widget\" data-settings=\"{&quot;_animation&quot;:&quot;fadeIn&quot;}\" data-widget_type=\"heading.default\">\n\t\t\t\t\t<h2 class=\"elementor-heading-title elementor-size-default\">8. Contact<\/h2>\t\t\t\t<\/div>\n\t\t\t\t<div class=\"elementor-element elementor-element-7993d670 elementor-widget-mobile__width-inherit elementor-invisible elementor-widget elementor-widget-text-editor\" data-id=\"7993d670\" data-element_type=\"widget\" data-e-type=\"widget\" data-settings=\"{&quot;_animation&quot;:&quot;fadeIn&quot;}\" data-widget_type=\"text-editor.default\">\n\t\t\t\t\t\t\t\t\t<p>Si vous avez des questions ou des pr\u00e9occupations concernant les pr\u00e9sentes conditions d\u2019utilisation, veuillez nous contacter \u00e0 l\u2019adresse support@privacybee.ch.<\/p>\t\t\t\t\t\t\t\t<\/div>\n\t\t\t\t<\/div>\n\t\t\t\t\t<\/div>\n\t\t\t\t<\/div>\n\t\t<div class=\"elementor-element elementor-element-65020b26 e-con-full e-flex e-con e-child\" data-id=\"65020b26\" data-element_type=\"container\" data-e-type=\"container\">\n\t\t\t\t<div class=\"elementor-element elementor-element-2bd1ee36 elementor-widget elementor-widget-template\" data-id=\"2bd1ee36\" data-element_type=\"widget\" data-e-type=\"widget\" data-widget_type=\"template.default\">\n\t\t\t\t<div class=\"elementor-widget-container\">\n\t\t\t\t\t\t\t<div class=\"elementor-template\">\n\t\t\t\t\t<div data-elementor-type=\"container\" data-elementor-id=\"779\" class=\"elementor elementor-779 elementor-21 elementor-21\" data-elementor-post-type=\"elementor_library\">\n\t\t\t\t<div class=\"elementor-element elementor-element-2b8443e5 e-flex e-con-boxed elementor-invisible e-con e-child\" data-id=\"2b8443e5\" data-element_type=\"container\" data-e-type=\"container\" data-settings=\"{&quot;background_background&quot;:&quot;classic&quot;,&quot;animation&quot;:&quot;fadeIn&quot;}\">\n\t\t\t\t\t<div class=\"e-con-inner\">\n\t\t<div class=\"elementor-element elementor-element-355ebb41 e-con-full e-flex e-con e-child\" data-id=\"355ebb41\" data-element_type=\"container\" data-e-type=\"container\">\n\t\t\t\t<div class=\"elementor-element elementor-element-71656e21 elementor-widget__width-initial elementor-widget-mobile__width-inherit elementor-invisible elementor-widget elementor-widget-heading\" data-id=\"71656e21\" data-element_type=\"widget\" data-e-type=\"widget\" data-settings=\"{&quot;_animation&quot;:&quot;fadeIn&quot;}\" data-widget_type=\"heading.default\">\n\t\t\t\t\t<h2 class=\"elementor-heading-title elementor-size-default\">Prot\u00e9gez votre site web d\u00e8s aujourd\u2019hui&nbsp;!<\/h2>\t\t\t\t<\/div>\n\t\t\t\t<div class=\"elementor-element elementor-element-74a0b4aa elementor-widget__width-initial elementor-widget-mobile__width-inherit elementor-invisible elementor-widget elementor-widget-text-editor\" data-id=\"74a0b4aa\" data-element_type=\"widget\" data-e-type=\"widget\" data-settings=\"{&quot;_animation&quot;:&quot;fadeIn&quot;}\" data-widget_type=\"text-editor.default\">\n\t\t\t\t\t\t\t\t\t<p>D\u00e9marrez d\u00e8s maintenant et d\u00e9couvrez \u00e0 quel point la protection des donn\u00e9es peut \u00eatre simple. Utilisez notre analyse de site web simple et personnalis\u00e9e et s\u00e9curisez votre site web contre les mises en demeure de mani\u00e8re continue. <\/p>\t\t\t\t\t\t\t\t<\/div>\n\t\t\t\t<div class=\"elementor-element elementor-element-6d61a177 elementor-widget__width-initial elementor-invisible elementor-widget elementor-widget-button\" data-id=\"6d61a177\" data-element_type=\"widget\" data-e-type=\"widget\" data-settings=\"{&quot;_animation&quot;:&quot;fadeIn&quot;}\" data-widget_type=\"button.default\">\n\t\t\t\t\t\t\t\t\t\t<a class=\"elementor-button elementor-button-link elementor-size-sm\" href=\"https:\/\/app.privacybee.io\/ch\/signup\/v2?language=fr\">\n\t\t\t\t\t\t<span class=\"elementor-button-content-wrapper\">\n\t\t\t\t\t\t\t\t\t<span class=\"elementor-button-text\">D\u00e9marrer maintenant<\/span>\n\t\t\t\t\t<\/span>\n\t\t\t\t\t<\/a>\n\t\t\t\t\t\t\t\t<\/div>\n\t\t\t\t<\/div>\n\t\t<div class=\"elementor-element elementor-element-60c4c184 e-con-full e-flex e-con e-child\" data-id=\"60c4c184\" data-element_type=\"container\" data-e-type=\"container\">\n\t\t\t\t<div class=\"elementor-element elementor-element-4adaa6b6 elementor-invisible elementor-widget elementor-widget-image\" data-id=\"4adaa6b6\" data-element_type=\"widget\" data-e-type=\"widget\" data-settings=\"{&quot;_animation&quot;:&quot;fadeIn&quot;}\" data-widget_type=\"image.default\">\n\t\t\t\t\t\t\t\t\t\t\t\t\t\t\t<img fetchpriority=\"high\" decoding=\"async\" width=\"1755\" height=\"1341\" src=\"https:\/\/www.privacybee.io\/wp-content\/uploads\/2026\/03\/bee_bosw.png\" class=\"attachment-full size-full wp-image-2846\" alt=\"\" srcset=\"https:\/\/www.privacybee.io\/wp-content\/uploads\/2026\/03\/bee_bosw.png 1755w, https:\/\/www.privacybee.io\/wp-content\/uploads\/2026\/03\/bee_bosw-300x229.png 300w, https:\/\/www.privacybee.io\/wp-content\/uploads\/2026\/03\/bee_bosw-1024x782.png 1024w, https:\/\/www.privacybee.io\/wp-content\/uploads\/2026\/03\/bee_bosw-768x587.png 768w, https:\/\/www.privacybee.io\/wp-content\/uploads\/2026\/03\/bee_bosw-1536x1174.png 1536w\" sizes=\"(max-width: 1755px) 100vw, 1755px\" \/>\t\t\t\t\t\t\t\t\t\t\t\t\t\t\t<\/div>\n\t\t\t\t<\/div>\n\t\t\t\t\t<\/div>\n\t\t\t\t<\/div>\n\t\t\t\t<\/div>\n\t\t\t\t<\/div>\n\t\t\t\t\t\t<\/div>\n\t\t\t\t<\/div>\n\t\t\t\t<\/div>\n\t\t\t\t<\/main>\n\t\t\t\t<\/div>\n\t\t","protected":false},"excerpt":{"rendered":"<p>Conditions d\u2019utilisation Derni\u00e8re mise \u00e0 jour&nbsp;: 19&nbsp;f\u00e9vrier&nbsp;2024 Bienvenue sur privcybee.io (\u00ab&nbsp;site web&nbsp;\u00bb), exploit\u00e9 par PrivacyBee AG (\u00ab&nbsp;nous&nbsp;\u00bb, \u00ab&nbsp;notre&nbsp;\u00bb ou \u00ab&nbsp;nos&nbsp;\u00bb). Les pr\u00e9sentes conditions d\u2019utilisation (\u00ab&nbsp;Conditions&nbsp;\u00bb) r\u00e9gissent l\u2019utilisation de ce site web. En utilisant le site web, vous acceptez les pr\u00e9sentes conditions. 1. Propri\u00e9t\u00e9 intellectuelle Chaque fois que le contenu de ce site web est reproduit, [&hellip;]<\/p>\n","protected":false},"author":1,"featured_media":0,"parent":0,"menu_order":0,"comment_status":"closed","ping_status":"closed","template":"elementor_header_footer","meta":{"_acf_changed":false,"footnotes":""},"class_list":["post-820","page","type-page","status-publish","hentry"],"acf":[],"yoast_head":"<!-- This site is optimized with the Yoast SEO Premium plugin v27.4 (Yoast SEO v27.4) - https:\/\/yoast.com\/product\/yoast-seo-premium-wordpress\/ -->\n<title>Conditions d\u2019utilisation | PrivacyBee France<\/title>\n<meta name=\"description\" content=\"D\u00e9couvrez les conditions d\u2019utilisation de PrivacyBee, le g\u00e9n\u00e9rateur de protection des donn\u00e9es qui prot\u00e8ge les sites web | PrivacyBee France\" \/>\n<meta name=\"robots\" content=\"index, follow, max-snippet:-1, max-image-preview:large, max-video-preview:-1\" \/>\n<link rel=\"canonical\" href=\"https:\/\/www.privacybee.io\/fr-ch\/conditions-dutilisation\/\" \/>\n<meta property=\"og:locale\" content=\"fr_FR\" \/>\n<meta property=\"og:type\" content=\"article\" \/>\n<meta property=\"og:title\" content=\"Conditions d\u2019utilisation\" \/>\n<meta property=\"og:description\" content=\"D\u00e9couvrez les conditions d\u2019utilisation de PrivacyBee, le g\u00e9n\u00e9rateur de protection des donn\u00e9es qui prot\u00e8ge les sites web | PrivacyBee France\" \/>\n<meta property=\"og:url\" content=\"https:\/\/www.privacybee.io\/fr-ch\/conditions-dutilisation\/\" \/>\n<meta property=\"og:site_name\" content=\"PrivacyBee\" \/>\n<meta property=\"article:modified_time\" content=\"2025-12-19T17:20:26+00:00\" \/>\n<meta name=\"twitter:card\" content=\"summary_large_image\" \/>\n<meta name=\"twitter:label1\" content=\"Est. reading time\" \/>\n\t<meta name=\"twitter:data1\" content=\"2 minutes\" \/>\n<script type=\"application\/ld+json\" class=\"yoast-schema-graph\">{\"@context\":\"https:\\\/\\\/schema.org\",\"@graph\":[{\"@type\":\"WebPage\",\"@id\":\"https:\\\/\\\/www.privacybee.io\\\/fr-ch\\\/conditions-dutilisation\\\/\",\"url\":\"https:\\\/\\\/www.privacybee.io\\\/fr-ch\\\/conditions-dutilisation\\\/\",\"name\":\"Conditions d\u2019utilisation | PrivacyBee France\",\"isPartOf\":{\"@id\":\"https:\\\/\\\/www.privacybee.io\\\/fr-ch\\\/#website\"},\"datePublished\":\"2025-12-18T20:51:09+00:00\",\"dateModified\":\"2025-12-19T17:20:26+00:00\",\"description\":\"D\u00e9couvrez les conditions d\u2019utilisation de PrivacyBee, le g\u00e9n\u00e9rateur de protection des donn\u00e9es qui prot\u00e8ge les sites web | PrivacyBee France\",\"breadcrumb\":{\"@id\":\"https:\\\/\\\/www.privacybee.io\\\/fr-ch\\\/conditions-dutilisation\\\/#breadcrumb\"},\"inLanguage\":\"fr-CH\",\"potentialAction\":[{\"@type\":\"ReadAction\",\"target\":[\"https:\\\/\\\/www.privacybee.io\\\/fr-ch\\\/conditions-dutilisation\\\/\"]}]},{\"@type\":\"BreadcrumbList\",\"@id\":\"https:\\\/\\\/www.privacybee.io\\\/fr-ch\\\/conditions-dutilisation\\\/#breadcrumb\",\"itemListElement\":[{\"@type\":\"ListItem\",\"position\":1,\"name\":\"Home\",\"item\":\"https:\\\/\\\/www.privacybee.io\\\/fr-ch\\\/\"},{\"@type\":\"ListItem\",\"position\":2,\"name\":\"Conditions d\u2019utilisation\"}]},{\"@type\":\"WebSite\",\"@id\":\"https:\\\/\\\/www.privacybee.io\\\/fr-ch\\\/#website\",\"url\":\"https:\\\/\\\/www.privacybee.io\\\/fr-ch\\\/\",\"name\":\"PrivacyBee\",\"description\":\"PrivacyBee - Datenschutz im Autopilot\",\"publisher\":{\"@id\":\"https:\\\/\\\/www.privacybee.io\\\/fr-ch\\\/#organization\"},\"potentialAction\":[{\"@type\":\"SearchAction\",\"target\":{\"@type\":\"EntryPoint\",\"urlTemplate\":\"https:\\\/\\\/www.privacybee.io\\\/fr-ch\\\/?s={search_term_string}\"},\"query-input\":{\"@type\":\"PropertyValueSpecification\",\"valueRequired\":true,\"valueName\":\"search_term_string\"}}],\"inLanguage\":\"fr-CH\"},{\"@type\":\"Organization\",\"@id\":\"https:\\\/\\\/www.privacybee.io\\\/fr-ch\\\/#organization\",\"name\":\"PrivacyBee\",\"url\":\"https:\\\/\\\/www.privacybee.io\\\/fr-ch\\\/\",\"logo\":{\"@type\":\"ImageObject\",\"inLanguage\":\"fr-CH\",\"@id\":\"https:\\\/\\\/www.privacybee.io\\\/fr-ch\\\/#\\\/schema\\\/logo\\\/image\\\/\",\"url\":\"https:\\\/\\\/www.privacybee.io\\\/wp-content\\\/uploads\\\/2026\\\/01\\\/PrivacyBee-Favicon-3.png\",\"contentUrl\":\"https:\\\/\\\/www.privacybee.io\\\/wp-content\\\/uploads\\\/2026\\\/01\\\/PrivacyBee-Favicon-3.png\",\"width\":512,\"height\":512,\"caption\":\"PrivacyBee\"},\"image\":{\"@id\":\"https:\\\/\\\/www.privacybee.io\\\/fr-ch\\\/#\\\/schema\\\/logo\\\/image\\\/\"}}]}<\/script>\n<!-- \/ Yoast SEO Premium plugin. -->","yoast_head_json":{"title":"Conditions d\u2019utilisation | PrivacyBee France","description":"D\u00e9couvrez les conditions d\u2019utilisation de PrivacyBee, le g\u00e9n\u00e9rateur de protection des donn\u00e9es qui prot\u00e8ge les sites web | PrivacyBee France","robots":{"index":"index","follow":"follow","max-snippet":"max-snippet:-1","max-image-preview":"max-image-preview:large","max-video-preview":"max-video-preview:-1"},"canonical":"https:\/\/www.privacybee.io\/fr-ch\/conditions-dutilisation\/","og_locale":"fr_FR","og_type":"article","og_title":"Conditions d\u2019utilisation","og_description":"D\u00e9couvrez les conditions d\u2019utilisation de PrivacyBee, le g\u00e9n\u00e9rateur de protection des donn\u00e9es qui prot\u00e8ge les sites web | PrivacyBee France","og_url":"https:\/\/www.privacybee.io\/fr-ch\/conditions-dutilisation\/","og_site_name":"PrivacyBee","article_modified_time":"2025-12-19T17:20:26+00:00","twitter_card":"summary_large_image","twitter_misc":{"Est. reading time":"2 minutes"},"schema":{"@context":"https:\/\/schema.org","@graph":[{"@type":"WebPage","@id":"https:\/\/www.privacybee.io\/fr-ch\/conditions-dutilisation\/","url":"https:\/\/www.privacybee.io\/fr-ch\/conditions-dutilisation\/","name":"Conditions d\u2019utilisation | PrivacyBee France","isPartOf":{"@id":"https:\/\/www.privacybee.io\/fr-ch\/#website"},"datePublished":"2025-12-18T20:51:09+00:00","dateModified":"2025-12-19T17:20:26+00:00","description":"D\u00e9couvrez les conditions d\u2019utilisation de PrivacyBee, le g\u00e9n\u00e9rateur de protection des donn\u00e9es qui prot\u00e8ge les sites web | PrivacyBee France","breadcrumb":{"@id":"https:\/\/www.privacybee.io\/fr-ch\/conditions-dutilisation\/#breadcrumb"},"inLanguage":"fr-CH","potentialAction":[{"@type":"ReadAction","target":["https:\/\/www.privacybee.io\/fr-ch\/conditions-dutilisation\/"]}]},{"@type":"BreadcrumbList","@id":"https:\/\/www.privacybee.io\/fr-ch\/conditions-dutilisation\/#breadcrumb","itemListElement":[{"@type":"ListItem","position":1,"name":"Home","item":"https:\/\/www.privacybee.io\/fr-ch\/"},{"@type":"ListItem","position":2,"name":"Conditions d\u2019utilisation"}]},{"@type":"WebSite","@id":"https:\/\/www.privacybee.io\/fr-ch\/#website","url":"https:\/\/www.privacybee.io\/fr-ch\/","name":"PrivacyBee","description":"PrivacyBee - Datenschutz im Autopilot","publisher":{"@id":"https:\/\/www.privacybee.io\/fr-ch\/#organization"},"potentialAction":[{"@type":"SearchAction","target":{"@type":"EntryPoint","urlTemplate":"https:\/\/www.privacybee.io\/fr-ch\/?s={search_term_string}"},"query-input":{"@type":"PropertyValueSpecification","valueRequired":true,"valueName":"search_term_string"}}],"inLanguage":"fr-CH"},{"@type":"Organization","@id":"https:\/\/www.privacybee.io\/fr-ch\/#organization","name":"PrivacyBee","url":"https:\/\/www.privacybee.io\/fr-ch\/","logo":{"@type":"ImageObject","inLanguage":"fr-CH","@id":"https:\/\/www.privacybee.io\/fr-ch\/#\/schema\/logo\/image\/","url":"https:\/\/www.privacybee.io\/wp-content\/uploads\/2026\/01\/PrivacyBee-Favicon-3.png","contentUrl":"https:\/\/www.privacybee.io\/wp-content\/uploads\/2026\/01\/PrivacyBee-Favicon-3.png","width":512,"height":512,"caption":"PrivacyBee"},"image":{"@id":"https:\/\/www.privacybee.io\/fr-ch\/#\/schema\/logo\/image\/"}}]}},"_links":{"self":[{"href":"https:\/\/www.privacybee.io\/fr-ch\/wp-json\/wp\/v2\/pages\/820","targetHints":{"allow":["GET"]}}],"collection":[{"href":"https:\/\/www.privacybee.io\/fr-ch\/wp-json\/wp\/v2\/pages"}],"about":[{"href":"https:\/\/www.privacybee.io\/fr-ch\/wp-json\/wp\/v2\/types\/page"}],"author":[{"embeddable":true,"href":"https:\/\/www.privacybee.io\/fr-ch\/wp-json\/wp\/v2\/users\/1"}],"replies":[{"embeddable":true,"href":"https:\/\/www.privacybee.io\/fr-ch\/wp-json\/wp\/v2\/comments?post=820"}],"version-history":[{"count":3,"href":"https:\/\/www.privacybee.io\/fr-ch\/wp-json\/wp\/v2\/pages\/820\/revisions"}],"predecessor-version":[{"id":885,"href":"https:\/\/www.privacybee.io\/fr-ch\/wp-json\/wp\/v2\/pages\/820\/revisions\/885"}],"wp:attachment":[{"href":"https:\/\/www.privacybee.io\/fr-ch\/wp-json\/wp\/v2\/media?parent=820"}],"curies":[{"name":"wp","href":"https:\/\/api.w.org\/{rel}","templated":true}]}}